{"id":6513,"date":"2019-10-09T13:14:43","date_gmt":"2019-10-09T13:14:43","guid":{"rendered":"https:\/\/dietforagreenplanet.se\/?page_id=6513"},"modified":"2021-04-22T14:08:25","modified_gmt":"2021-04-22T14:08:25","slug":"referenser-rapporter","status":"publish","type":"page","link":"https:\/\/dietforagreenplanet.se\/en\/bakgrund-english\/referenser-rapporter\/","title":{"rendered":"Other reports"},"content":{"rendered":"\n<h4><a href=\"https:\/\/dietforagreenplanet.se\/en\/research\/scientific\/\">Here you can read about the scientific background of Diet for a Green Planet.<\/a><\/h4>\n\n\n\n<h4><a href=\"https:\/\/dietforagreenplanet.se\/en\/research\/annan-forskning\/\">Here we list examples of research that supports the tenets of the concept.<\/a><\/h4>\n\n\n\n<p>Within the related ERDF project <a rel=\"noreferrer noopener nofollow\" aria-label=\"MatLust  (opens in a new tab)\" href=\"http:\/\/www.matlust.eu\" target=\"_blank\">MatLust<\/a>, we have commissioned the agricultural expert Gunnar Rundgren to produce reports on hot topics. These reports are not scientific works per se but are based on reviews and compilations of solid research and statistics. In English a brief based on a report on dairy products compared to plant-based alternatives is available:<\/p>\n\n\n\n<ul><li><a href=\"https:\/\/dietforagreenplanet.se\/en\/wp-content\/uploads\/sites\/4\/2021\/01\/Milk-and-plant-based-alternatives-an-environmental-assessment-EN-web.pdf\" target=\"_blank\" rel=\"noreferrer noopener\" aria-label=\" (opens in a new tab)\">Milk and plant-based alternatives \u2014 an environmental assessment<\/a>  <\/li><\/ul>\n\n\n\n<p>Sweden's national food strategy and the regional food strategy for Stockholm County are not scientific publications, but are important to us in that they set goals for organic and diversified production, and confirm and support the direction of our work.&nbsp;<\/p>\n\n\n\n<ul><li><a rel=\"noreferrer noopener nofollow\" aria-label=\" A National Food Strategy for Sweden - short version  \u2028 (opens in a new tab)\" href=\"https:\/\/www.government.se\/498282\/contentassets\/16ef73aaa6f74faab86ade5ef239b659\/livsmedelsstrategin_kortversion_eng.pdf\" target=\"_blank\">A National Food Strategy for Sweden - short version  <\/a><\/li><li><a rel=\"noreferrer noopener nofollow\" aria-label=\"Regional livsmedelsstrategi f\u00f6r Stockholms l\u00e4n (\u00f6ppnas i en ny flik)\" href=\"https:\/\/www.lansstyrelsen.se\/download\/18.6a8f491016b944a8cbe2856a\/1566386322466\/Rapport%202019-16%20Stockholms%20l%C3%A4ns%20Livsmedelsstrategi.pdf\" target=\"_blank\">Regional food strategy for Stockholm county (only available in Swedish)<\/a><\/li><\/ul>\n\n\n\n<p><\/p>\n","protected":false},"excerpt":{"rendered":"<p>Here you can read about the scientific background of Diet for a Green Planet. Here we list examples of research [&hellip;]<\/p>\n","protected":false},"author":4,"featured_media":7249,"parent":7262,"menu_order":25,"comment_status":"closed","ping_status":"closed","template":"","meta":[],"sidmall":[],"acf":[],"_links":{"self":[{"href":"https:\/\/dietforagreenplanet.se\/en\/wp-json\/wp\/v2\/pages\/6513"}],"collection":[{"href":"https:\/\/dietforagreenplanet.se\/en\/wp-json\/wp\/v2\/pages"}],"about":[{"href":"https:\/\/dietforagreenplanet.se\/en\/wp-json\/wp\/v2\/types\/page"}],"author":[{"embeddable":true,"href":"https:\/\/dietforagreenplanet.se\/en\/wp-json\/wp\/v2\/users\/4"}],"replies":[{"embeddable":true,"href":"https:\/\/dietforagreenplanet.se\/en\/wp-json\/wp\/v2\/comments?post=6513"}],"version-history":[{"count":16,"href":"https:\/\/dietforagreenplanet.se\/en\/wp-json\/wp\/v2\/pages\/6513\/revisions"}],"predecessor-version":[{"id":7130,"href":"https:\/\/dietforagreenplanet.se\/en\/wp-json\/wp\/v2\/pages\/6513\/revisions\/7130"}],"up":[{"embeddable":true,"href":"https:\/\/dietforagreenplanet.se\/en\/wp-json\/wp\/v2\/pages\/7262"}],"wp:featuredmedia":[{"embeddable":true,"href":"https:\/\/dietforagreenplanet.se\/en\/wp-json\/wp\/v2\/media\/7249"}],"wp:attachment":[{"href":"https:\/\/dietforagreenplanet.se\/en\/wp-json\/wp\/v2\/media?parent=6513"}],"wp:term":[{"taxonomy":"sidmall","embeddable":true,"href":"https:\/\/dietforagreenplanet.se\/en\/wp-json\/wp\/v2\/sidmall?post=6513"}],"curies":[{"name":"wp","href":"https:\/\/api.w.org\/{rel}","templated":true}]}}