{"id":6522,"date":"2019-10-09T13:15:59","date_gmt":"2019-10-09T13:15:59","guid":{"rendered":"https:\/\/dietforagreenplanet.se\/?page_id=6522"},"modified":"2021-04-22T06:49:17","modified_gmt":"2021-04-22T06:49:17","slug":"sodertalje-narodlat-2011-2014","status":"publish","type":"page","link":"https:\/\/dietforagreenplanet.se\/en\/projects\/sodertalje-narodlat-2011-2014\/","title":{"rendered":"S\u00f6dert\u00e4lje N\u00e4rodlat 2011\u20132014"},"content":{"rendered":"\n<p>S\u00f6dert\u00e4lje N\u00e4rodlat (Locally Grown) was a mapping on S\u00f6dert\u00e4lje municipality's food production, which was run by the Diet Unit in S\u00f6dert\u00e4lje municipality in partnership with Farmers National Association (LRF), BERAS Implementation and Skillebyholms Vocational school.<\/p>\n\n\n\n<p>The aim was to stimulate production of locally grown foods in the rural\nareas of S\u00f6dert\u00e4lje, using increased demand from the municipal diet unit, as\nwell as create jobs in the countryside in food production. In addition, to\noptimally use land with suitable conditions for production of locally grown\nfoods.<strong><\/strong><\/p>\n\n\n\n<p>Among other\nthings, the project reached the following conclusions:<\/p>\n\n\n\n<ul><li>There are opportunities to increase the consumption of locally produced food in S\u00f6dert\u00e4lje.<\/li><li>Organic products have a better competitive position than conventional.<\/li><li>New jobs can be created, particularly in the production of eggs and vegetables, as well as in the distribution and processing of meat.<\/li><li>Municipal procurement should be developed.<\/li><\/ul>\n\n\n\n<p>The project was funded by Leader S\u00f6dert\u00e4lje Landsbygd (Rural Development Programme).<\/p>\n","protected":false},"excerpt":{"rendered":"<p>S\u00f6dert\u00e4lje N\u00e4rodlat (Locally Grown) was a mapping on S\u00f6dert\u00e4lje municipality's food production, which was run by the Diet Unit in [&hellip;]<\/p>\n","protected":false},"author":4,"featured_media":7255,"parent":6516,"menu_order":27,"comment_status":"closed","ping_status":"closed","template":"","meta":[],"sidmall":[],"acf":[],"_links":{"self":[{"href":"https:\/\/dietforagreenplanet.se\/en\/wp-json\/wp\/v2\/pages\/6522"}],"collection":[{"href":"https:\/\/dietforagreenplanet.se\/en\/wp-json\/wp\/v2\/pages"}],"about":[{"href":"https:\/\/dietforagreenplanet.se\/en\/wp-json\/wp\/v2\/types\/page"}],"author":[{"embeddable":true,"href":"https:\/\/dietforagreenplanet.se\/en\/wp-json\/wp\/v2\/users\/4"}],"replies":[{"embeddable":true,"href":"https:\/\/dietforagreenplanet.se\/en\/wp-json\/wp\/v2\/comments?post=6522"}],"version-history":[{"count":7,"href":"https:\/\/dietforagreenplanet.se\/en\/wp-json\/wp\/v2\/pages\/6522\/revisions"}],"predecessor-version":[{"id":7034,"href":"https:\/\/dietforagreenplanet.se\/en\/wp-json\/wp\/v2\/pages\/6522\/revisions\/7034"}],"up":[{"embeddable":true,"href":"https:\/\/dietforagreenplanet.se\/en\/wp-json\/wp\/v2\/pages\/6516"}],"wp:featuredmedia":[{"embeddable":true,"href":"https:\/\/dietforagreenplanet.se\/en\/wp-json\/wp\/v2\/media\/7255"}],"wp:attachment":[{"href":"https:\/\/dietforagreenplanet.se\/en\/wp-json\/wp\/v2\/media?parent=6522"}],"wp:term":[{"taxonomy":"sidmall","embeddable":true,"href":"https:\/\/dietforagreenplanet.se\/en\/wp-json\/wp\/v2\/sidmall?post=6522"}],"curies":[{"name":"wp","href":"https:\/\/api.w.org\/{rel}","templated":true}]}}