{"id":6530,"date":"2019-10-09T13:16:55","date_gmt":"2019-10-09T13:16:55","guid":{"rendered":"https:\/\/dietforagreenplanet.se\/?page_id=6530"},"modified":"2021-04-22T06:51:11","modified_gmt":"2021-04-22T06:51:11","slug":"dgp-flagship-2019-2020","status":"publish","type":"page","link":"https:\/\/dietforagreenplanet.se\/en\/projects\/dgp-flagship-2019-2020\/","title":{"rendered":"Diet for a Green Planet Flagship 2019\u20132020"},"content":{"rendered":"\n<p>S\u00f6dert\u00e4lje\nmunicipality has received SEK 500 000 by the Swedish Institute to establish\nnetworks for the development of the municipality's meal concept Diet for a\nGreen Planet in the Baltic Sea region. The project will be conducted for 18\nmonths and was launched in June 2019.<\/p>\n\n\n\n<p>Diet for a Green Planet is the municipality's meal concept. It is applied in all activities within the Diet Unit and is also the foundation of MatLust's work. The concept's framework contains guidelines for good and nutritious food, the use of more organic and plant based raw materials in season, and to reduced food waste. It can be applied anywhere on the planet but gives different foods on plates depending on the geographical location and season.<\/p>\n\n\n\n<p><em>\"The entire food chain from production to consumption has a major impact on the environment,\"<\/em> says Sara Jervfors, head of the S\u00f6dert\u00e4lje municipality's Diet Unit and the MatLust project. <em>\u201cDiet for a Green Planet has several guidelines, which when fully applied have a major impact on the overall sustainability of the food system. That the concept works well in S\u00f6dert\u00e4lje is a fact, and now we want to inspire and mobilize associates in Sweden and in other countries.\u201c<\/em><\/p>\n\n\n\n<p>The contribution from the Swedish Institute will be used to create a network for actors in the Baltic Sea region who work or want to work with Diet for a Green Planet. The target groups are other municipalities, private food services, colleges, universities as well as industry and NGOs. Through networking and collaboration, the concept can be further developed and adapted to different settings. The cooperation of these groups also aims to identify research needs and initiate new projects.<\/p>\n\n\n\n<p>The project is\nheaded by S\u00f6dert\u00e4lje municipality in collaboration with \u00d6rebro University,\nNovia Polytechnic, Finland and the NGOs Baltic Foundation in Lithuania and\nForum of Organic Agriculture M. G\u00f3rny in Poland.<\/p>\n\n\n\n<p><em>Facts<\/em><\/p>\n\n\n\n<ul><li>Project initiation within the Swedish\nInstitute's Baltic Sea cooperation<\/li><li>Project title: Diet for a Green Planet Flagship<\/li><li>Coordinator:\nS\u00f6dert\u00e4lje Municipality<\/li><li>Timeframe:\n2019-06-17 \u2013 2020-12-16<\/li><\/ul>\n\n\n\n<p><\/p>\n","protected":false},"excerpt":{"rendered":"<p>S\u00f6dert\u00e4lje municipality has received SEK 500 000 by the Swedish Institute to establish networks for the development of the municipality's [&hellip;]<\/p>\n","protected":false},"author":4,"featured_media":7258,"parent":6516,"menu_order":34,"comment_status":"closed","ping_status":"closed","template":"","meta":[],"sidmall":[],"acf":[],"_links":{"self":[{"href":"https:\/\/dietforagreenplanet.se\/en\/wp-json\/wp\/v2\/pages\/6530"}],"collection":[{"href":"https:\/\/dietforagreenplanet.se\/en\/wp-json\/wp\/v2\/pages"}],"about":[{"href":"https:\/\/dietforagreenplanet.se\/en\/wp-json\/wp\/v2\/types\/page"}],"author":[{"embeddable":true,"href":"https:\/\/dietforagreenplanet.se\/en\/wp-json\/wp\/v2\/users\/4"}],"replies":[{"embeddable":true,"href":"https:\/\/dietforagreenplanet.se\/en\/wp-json\/wp\/v2\/comments?post=6530"}],"version-history":[{"count":7,"href":"https:\/\/dietforagreenplanet.se\/en\/wp-json\/wp\/v2\/pages\/6530\/revisions"}],"predecessor-version":[{"id":7038,"href":"https:\/\/dietforagreenplanet.se\/en\/wp-json\/wp\/v2\/pages\/6530\/revisions\/7038"}],"up":[{"embeddable":true,"href":"https:\/\/dietforagreenplanet.se\/en\/wp-json\/wp\/v2\/pages\/6516"}],"wp:featuredmedia":[{"embeddable":true,"href":"https:\/\/dietforagreenplanet.se\/en\/wp-json\/wp\/v2\/media\/7258"}],"wp:attachment":[{"href":"https:\/\/dietforagreenplanet.se\/en\/wp-json\/wp\/v2\/media?parent=6530"}],"wp:term":[{"taxonomy":"sidmall","embeddable":true,"href":"https:\/\/dietforagreenplanet.se\/en\/wp-json\/wp\/v2\/sidmall?post=6530"}],"curies":[{"name":"wp","href":"https:\/\/api.w.org\/{rel}","templated":true}]}}