{"id":6544,"date":"2019-10-09T13:18:13","date_gmt":"2019-10-09T13:18:13","guid":{"rendered":"https:\/\/dietforagreenplanet.se\/?page_id=6544"},"modified":"2021-09-30T13:00:44","modified_gmt":"2021-09-30T13:00:44","slug":"material","status":"publish","type":"page","link":"https:\/\/dietforagreenplanet.se\/en\/conversion\/material\/","title":{"rendered":"Collection of material"},"content":{"rendered":"\n<p>On this page you can download material if you want to learn more about Diet for a Green Planet or need material and inspiration for practical implementation of the concept. <\/p>\n\n\n\n<p><em>Note that most of the texts and materials on this page are in Swedish. <\/em><\/p>\n\n\n\n<p>Please let us know if you have any questions or suggestions of other material you think should be available here.&nbsp;  <\/p>\n\n\n\n<h3>Diet for a Green Planet  \u2013  pamphlet<\/h3>\n\n\n\n<p>Here you can download a pamphlet that briefly explains the concept.<\/p>\n\n\n\n<ul><li><a rel=\"noreferrer noopener\" aria-label=\"Diet for a Green Planet \u2013 in Swedish (long version) (opens in a new tab)\" href=\"https:\/\/dietforagreenplanet.se\/en\/wp-content\/uploads\/sites\/4\/2021\/09\/DGP-broschyr-A5-ENG-interaktiv.pdf\" target=\"_blank\">Diet for a Green Planet \u2013 in English<\/a>  <\/li><\/ul>\n\n\n\n<h3>Diet for a Green Planet  \u2013  exhibition<\/h3>\n\n\n\n<p>Here you can download an exhibition that briefly explains the concept.<\/p>\n\n\n\n<ul><li><a rel=\"noreferrer noopener\" aria-label=\" (opens in a new tab)\" href=\"https:\/\/dietforagreenplanet.se\/wp-content\/uploads\/2019\/10\/DGP-affischer-2019-final-191014.pdf\" target=\"_blank\">Diet for a Green Planet \u2013 in Swedish (short version)<\/a><\/li><li><a rel=\"noreferrer noopener\" aria-label=\"Diet for a Green Planet \u2013 in Swedish (long version) (opens in a new tab)\" href=\"https:\/\/dietforagreenplanet.se\/en\/wp-content\/uploads\/sites\/4\/2020\/04\/DGP-utstallning-lang_minskad.pdf\" target=\"_blank\">Diet for a Green Planet \u2013 in Swedish (long version)<\/a><\/li><li><a rel=\"noreferrer noopener\" aria-label=\"Diet for a Green Planet  \u2013  in English (short version) (opens in a new tab)\" href=\"https:\/\/dietforagreenplanet.se\/wp-content\/uploads\/2020\/04\/DGP-affischer-2019-final-191014_ENG_small.pdf\" target=\"_blank\">Diet for a Green Planet \u2013  in English (short version)<\/a><\/li><li><a href=\"https:\/\/dietforagreenplanet.se\/wp-content\/uploads\/2020\/04\/DGP-affischer-2019-english.pdf\" target=\"_blank\" rel=\"noreferrer noopener\" aria-label=\"Diet for a Green Planet \u2013 in English (long version) (opens in a new tab)\">Diet for a Green Planet \u2013 in English (long version)<\/a>  <\/li><\/ul>\n\n\n\n<h3>Den nya matpyramiden &amp; s\u00e4songspyramider<\/h3>\n\n\n\n<p>H\u00e4r kan du se hur man enligt Diet for a Green Planet t\u00e4nker kring mat efter s\u00e4song. Skilda f\u00f6ruts\u00e4ttningar att producera mat g\u00f6r att inneh\u00e5llet i pyramiden varierar \u00f6ver \u00e5ret. <\/p>\n\n\n\n<ul><li><a href=\"https:\/\/dietforagreenplanet.se\/verktygslada\/matpyramiden\/\">L\u00e4s om den nya matpyramiden<\/a><\/li><li><a href=\"https:\/\/dietforagreenplanet.se\/wp-content\/uploads\/2019\/10\/sasongspyramider_datum_190912.pdf\" target=\"_blank\" rel=\"noreferrer noopener\" aria-label=\" (opens in a new tab)\">Se s\u00e4songspyramiderna som bilder<\/a><\/li><\/ul>\n\n\n\n<h3>Det nordiska skafferiet  \u2013 lokala alternativ till importerade produkter<\/h3>\n\n\n\n<p>H\u00e4r f\u00e5r du en \u00f6versiktlig lista \u00f6ver lokala och h\u00e5llbara alternativ till produkter som vanligen importeras. <a href=\"https:\/\/dietforagreenplanet.se\/verktygslada\/lokala-alternativ\/\">L\u00e4s \u00e4ven h\u00e4r.<\/a><\/p>\n\n\n\n<ul><li><a href=\"https:\/\/dietforagreenplanet.se\/wp-content\/uploads\/2019\/10\/Nordiska_Skafferiet_2019_forhemsidan.pdf\" target=\"_blank\" rel=\"noreferrer noopener\" aria-label=\" (opens in a new tab)\">Det nordiska skafferiet i tabellform<\/a><\/li><\/ul>\n\n\n\n<h3>S\u00f6dert\u00e4lje kommuns volymm\u00e5l 2020<\/h3>\n\n\n\n<ul><li><a href=\"https:\/\/dietforagreenplanet.se\/en\/wp-content\/uploads\/sites\/4\/2020\/04\/Volymmal_Sodertalje_2020.pdf\" target=\"_blank\" rel=\"noreferrer noopener\" aria-label=\" (opens in a new tab)\">Se de volymm\u00e5l som kostenheten i S\u00f6dert\u00e4lje arbetar efter f\u00f6r 2020<\/a><\/li><\/ul>\n\n\n\n<h3>Kampanjen Korn is back!<\/h3>\n\n\n\n<p>Kampanjen Korn is back! genomf\u00f6rdes i skolor i S\u00f6dert\u00e4lje under 2017. \u00c4r din verksamhet intresserad av att anv\u00e4nda materialet? Kontakta oss s\u00e5 kan du f\u00e5 tillg\u00e5ng till originalfilerna och anpassa efter dina \u00f6nskem\u00e5l.<\/p>\n\n\n\n<ul><li><a href=\"https:\/\/dietforagreenplanet.se\/wp-content\/uploads\/2019\/10\/Korn-is-Back-MatLust-poster-140x160.pdf\" target=\"_blank\" rel=\"noreferrer noopener\" aria-label=\" (opens in a new tab)\">Exempel 1: trycksaker i kampanjen<\/a><\/li><li><a href=\"https:\/\/dietforagreenplanet.se\/wp-content\/uploads\/2019\/10\/Korn-is-Back-MatLust-poster-2-140x160.pdf\" target=\"_blank\" rel=\"noreferrer noopener\" aria-label=\" (opens in a new tab)\">Exempel 2: trycksaker i kampanjen<\/a> <\/li><\/ul>\n\n\n\n<p><em>Vi uppdaterar l\u00f6pande denna sida. Kontakta oss g\u00e4rna om du har fr\u00e5gor, ser felaktigheter eller har \u00f6nskem\u00e5l p\u00e5 material som borde finnas h\u00e4r.<\/em><\/p>\n","protected":false},"excerpt":{"rendered":"<p>On this page you can download material if you want to learn more about Diet for a Green Planet or [&hellip;]<\/p>\n","protected":false},"author":4,"featured_media":7271,"parent":6532,"menu_order":45,"comment_status":"closed","ping_status":"closed","template":"","meta":[],"sidmall":[],"acf":[],"_links":{"self":[{"href":"https:\/\/dietforagreenplanet.se\/en\/wp-json\/wp\/v2\/pages\/6544"}],"collection":[{"href":"https:\/\/dietforagreenplanet.se\/en\/wp-json\/wp\/v2\/pages"}],"about":[{"href":"https:\/\/dietforagreenplanet.se\/en\/wp-json\/wp\/v2\/types\/page"}],"author":[{"embeddable":true,"href":"https:\/\/dietforagreenplanet.se\/en\/wp-json\/wp\/v2\/users\/4"}],"replies":[{"embeddable":true,"href":"https:\/\/dietforagreenplanet.se\/en\/wp-json\/wp\/v2\/comments?post=6544"}],"version-history":[{"count":27,"href":"https:\/\/dietforagreenplanet.se\/en\/wp-json\/wp\/v2\/pages\/6544\/revisions"}],"predecessor-version":[{"id":7413,"href":"https:\/\/dietforagreenplanet.se\/en\/wp-json\/wp\/v2\/pages\/6544\/revisions\/7413"}],"up":[{"embeddable":true,"href":"https:\/\/dietforagreenplanet.se\/en\/wp-json\/wp\/v2\/pages\/6532"}],"wp:featuredmedia":[{"embeddable":true,"href":"https:\/\/dietforagreenplanet.se\/en\/wp-json\/wp\/v2\/media\/7271"}],"wp:attachment":[{"href":"https:\/\/dietforagreenplanet.se\/en\/wp-json\/wp\/v2\/media?parent=6544"}],"wp:term":[{"taxonomy":"sidmall","embeddable":true,"href":"https:\/\/dietforagreenplanet.se\/en\/wp-json\/wp\/v2\/sidmall?post=6544"}],"curies":[{"name":"wp","href":"https:\/\/api.w.org\/{rel}","templated":true}]}}