{"id":7137,"date":"2021-01-29T14:16:59","date_gmt":"2021-01-29T14:16:59","guid":{"rendered":"https:\/\/dietforagreenplanet.se\/en\/?page_id=7137"},"modified":"2021-02-04T08:55:56","modified_gmt":"2021-02-04T08:55:56","slug":"beras-implementation-2010-2013-english","status":"publish","type":"page","link":"https:\/\/dietforagreenplanet.se\/en\/projects\/beras\/beras-implementation-2010-2013-english\/","title":{"rendered":"BERAS Implementation 2010\u20132013"},"content":{"rendered":"<p><br>\n<br>\n<!--StartFragment--><\/p>\n\n\n<p>In the BERAS Implementation project&nbsp;<em>(Building Ecological Regenerative Agriculture and Societies)<\/em>, which was in fact an implementation based on the results in&nbsp;BERAS 2003-2006, 24 partners in 9 countries and 35 associated members from 11 countries participated.<\/p>\n\n\n\n<p>The point of departure for the project is three concepts that can contribute to reducing eutrophication and the climate impact in general as well as promoting biodiversity:<\/p>\n\n\n\n<ul><li>Ecological Regenerative Agriculture<\/li><li>Sustainable Food Societies<\/li><li>Diet for a Green Planet (named \"Diet for a Clean Baltic\" at the time)<\/li><\/ul>\n\n\n\n<p>S\u00f6dert\u00f6rn University was Lead Partner. This project also included S\u00f6dert\u00e4lje municipality's Diet Unit, which began its work with implementing the Diet for a Clean Baltic concept (now Diet for a Green Planet) in public meals.<\/p>\n\n\n\n<p>The project produced several concepts, policies and recommendations advocating a conversion to Ecological Regenerative Agriculture (ERA).<\/p>\n\n\n\n<p> Find material from BERAS Implementation in the BERAS Library. <\/p>\n\n\n<p><!--EndFragment--><br \/><br \/><\/p>","protected":false},"excerpt":{"rendered":"<p>In the BERAS Implementation project&nbsp;(Building Ecological Regenerative Agriculture and Societies), which was in fact an implementation based on the results [&hellip;]<\/p>\n","protected":false},"author":2,"featured_media":0,"parent":7135,"menu_order":22,"comment_status":"closed","ping_status":"closed","template":"","meta":[],"sidmall":[],"acf":[],"_links":{"self":[{"href":"https:\/\/dietforagreenplanet.se\/en\/wp-json\/wp\/v2\/pages\/7137"}],"collection":[{"href":"https:\/\/dietforagreenplanet.se\/en\/wp-json\/wp\/v2\/pages"}],"about":[{"href":"https:\/\/dietforagreenplanet.se\/en\/wp-json\/wp\/v2\/types\/page"}],"author":[{"embeddable":true,"href":"https:\/\/dietforagreenplanet.se\/en\/wp-json\/wp\/v2\/users\/2"}],"replies":[{"embeddable":true,"href":"https:\/\/dietforagreenplanet.se\/en\/wp-json\/wp\/v2\/comments?post=7137"}],"version-history":[{"count":3,"href":"https:\/\/dietforagreenplanet.se\/en\/wp-json\/wp\/v2\/pages\/7137\/revisions"}],"predecessor-version":[{"id":7165,"href":"https:\/\/dietforagreenplanet.se\/en\/wp-json\/wp\/v2\/pages\/7137\/revisions\/7165"}],"up":[{"embeddable":true,"href":"https:\/\/dietforagreenplanet.se\/en\/wp-json\/wp\/v2\/pages\/7135"}],"wp:attachment":[{"href":"https:\/\/dietforagreenplanet.se\/en\/wp-json\/wp\/v2\/media?parent=7137"}],"wp:term":[{"taxonomy":"sidmall","embeddable":true,"href":"https:\/\/dietforagreenplanet.se\/en\/wp-json\/wp\/v2\/sidmall?post=7137"}],"curies":[{"name":"wp","href":"https:\/\/api.w.org\/{rel}","templated":true}]}}