{"id":7145,"date":"2021-01-29T14:20:07","date_gmt":"2021-01-29T14:20:07","guid":{"rendered":"https:\/\/dietforagreenplanet.se\/en\/?page_id=7145"},"modified":"2021-05-16T11:44:38","modified_gmt":"2021-05-16T11:44:38","slug":"education-materials-english","status":"publish","type":"page","link":"https:\/\/dietforagreenplanet.se\/en\/projects\/beras\/beras-library-english\/other-materials-english\/education-materials-english\/","title":{"rendered":"Education materials"},"content":{"rendered":"\n<h3>Here you can find different education materials<\/h3>\n\n\n\n<h4><strong> Liisis farm \/ Liisi Talu <\/strong><\/h4>\n\n\n\n<p><a href=\"https:\/\/dietforagreenplanet.se\/wp-content\/uploads\/2021\/01\/Liisi_talu_A.Luik_2012_estonian-ok.pdf\" target=\"_blank\" rel=\"noreferrer noopener\" aria-label=\"&quot;Liisi Talu&quot; - Estonian (Anne Luik, 2010) (opens in a new tab)\"><strong>\"Liisi Talu\"<\/strong> - Estonian (Anne Luik, 2010)<\/a><\/p>\n\n\n\n<p><a href=\"https:\/\/dietforagreenplanet.se\/wp-content\/uploads\/2021\/01\/Liisis-farm-_A.Luik_2012_english-ok.pdf\" target=\"_blank\" rel=\"noreferrer noopener\" aria-label=\"&quot;Liisi's Farm&quot; - English (Anne Luik, 2010) (opens in a new tab)\"><strong>\"Liisi's Farm\"<\/strong> - English (Anne Luik, 2010)<\/a> <\/p>\n\n\n\n<h4><strong>We Share a Sea<\/strong> <\/h4>\n\n\n\n<p>We Share a Sea is an educational material aimed at age group 10-12 years old, produced by BERAS Implementation with support from the Danish Ministry of Education. <\/p>\n\n\n\n<p><a rel=\"noreferrer noopener\" aria-label=\"Download &quot;Vi delar ett hav&quot; in Swedish (Ulla Skovsb\u00f8l, Eva Wulff) (\u00f6ppnas i en ny flik)\" href=\"https:\/\/dietforagreenplanet.se\/wp-content\/uploads\/2021\/05\/Vi-delar_Swedish.pdf\" target=\"_blank\"><strong>\"Vi delar ett hav\"<\/strong> - Swedish (Ulla Skovsb\u00f8l, Eva Wulff)<\/a><\/p>\n\n\n\n<p><a rel=\"noreferrer noopener\" aria-label=\"Download &quot;Vi deler et hav&quot; in Swedish (Ulla Skovsb\u00f8l, Eva Wulff) (\u00f6ppnas i en ny flik)\" href=\"https:\/\/dietforagreenplanet.se\/wp-content\/uploads\/2021\/05\/Vi-deler-Danish.pdf\" target=\"_blank\"><strong>\"Vi deler et hav\"<\/strong> - Danish (Ulla Skovsb\u00f8l, Eva Wulff)<\/a>  <\/p>\n\n\n\n<p><a rel=\"noreferrer noopener\" aria-label=\"Download &quot;We share a sea&quot; in English (Ulla Skovsb\u00f8l, Eva Wulff)  (\u00f6ppnas i en ny flik)\" href=\"https:\/\/dietforagreenplanet.se\/wp-content\/uploads\/2021\/05\/We-share-English.pdf\" target=\"_blank\"><strong>\"We share a sea\"<\/strong> - English (Ulla Skovsb\u00f8l, Eva Wulff)<\/a><\/p>\n\n\n\n<p><a rel=\"noreferrer noopener\" aria-label=\"Download &quot;Unser gemeinsames Meer&quot; in German (Ulla Skovsb\u00f8l, Eva Wulff)     (\u00f6ppnas i en ny flik)\" href=\"https:\/\/dietforagreenplanet.se\/wp-content\/uploads\/2021\/05\/Unser-gemeinsames-Meer_German.pdf\" target=\"_blank\"><strong>\"Unser gemeinsames Meer\"<\/strong> - German (Ulla Skovsb\u00f8l, Eva Wulff)<\/a><\/p>\n\n\n\n<p><a rel=\"noreferrer noopener\" aria-label=\"Download &quot;Meie \u00fchine meri&quot; in Estonian (Ulla Skovsb\u00f8l, Eva Wulff) (\u00f6ppnas i en ny flik)\" href=\"https:\/\/dietforagreenplanet.se\/wp-content\/uploads\/2021\/05\/Meie-uhine-meri-Estonian.pdf\" target=\"_blank\"><strong>\"Meie \u00fchine meri\"<\/strong> - Estonian (Ulla Skovsb\u00f8l, Eva Wulff)<\/a><\/p>\n\n\n\n<p><a rel=\"noreferrer noopener\" aria-label=\"Download &quot;Mes dalijam\u0117s j\u016bra&quot; in Lithuanian (Ulla Skovsb\u00f8l, Eva Wulff)  (\u00f6ppnas i en ny flik)\" href=\"https:\/\/dietforagreenplanet.se\/wp-content\/uploads\/2021\/05\/Mes-dalijames-jura-Lithuanian.pdf\" target=\"_blank\"><strong>\"Mes dalijam\u0117s j\u016bra\"<\/strong> - Lithuanian (Ulla Skovsb\u00f8l, Eva Wulff)<\/a><\/p>\n","protected":false},"excerpt":{"rendered":"<p>Here you can find different education materials Liisis farm \/ Liisi Talu \"Liisi Talu\" - Estonian (Anne Luik, 2010) \"Liisi's [&hellip;]<\/p>\n","protected":false},"author":2,"featured_media":0,"parent":7143,"menu_order":40,"comment_status":"closed","ping_status":"closed","template":"","meta":[],"sidmall":[],"acf":[],"_links":{"self":[{"href":"https:\/\/dietforagreenplanet.se\/en\/wp-json\/wp\/v2\/pages\/7145"}],"collection":[{"href":"https:\/\/dietforagreenplanet.se\/en\/wp-json\/wp\/v2\/pages"}],"about":[{"href":"https:\/\/dietforagreenplanet.se\/en\/wp-json\/wp\/v2\/types\/page"}],"author":[{"embeddable":true,"href":"https:\/\/dietforagreenplanet.se\/en\/wp-json\/wp\/v2\/users\/2"}],"replies":[{"embeddable":true,"href":"https:\/\/dietforagreenplanet.se\/en\/wp-json\/wp\/v2\/comments?post=7145"}],"version-history":[{"count":6,"href":"https:\/\/dietforagreenplanet.se\/en\/wp-json\/wp\/v2\/pages\/7145\/revisions"}],"predecessor-version":[{"id":7294,"href":"https:\/\/dietforagreenplanet.se\/en\/wp-json\/wp\/v2\/pages\/7145\/revisions\/7294"}],"up":[{"embeddable":true,"href":"https:\/\/dietforagreenplanet.se\/en\/wp-json\/wp\/v2\/pages\/7143"}],"wp:attachment":[{"href":"https:\/\/dietforagreenplanet.se\/en\/wp-json\/wp\/v2\/media?parent=7145"}],"wp:term":[{"taxonomy":"sidmall","embeddable":true,"href":"https:\/\/dietforagreenplanet.se\/en\/wp-json\/wp\/v2\/sidmall?post=7145"}],"curies":[{"name":"wp","href":"https:\/\/api.w.org\/{rel}","templated":true}]}}