{"id":3,"date":"2018-11-12T10:00:00","date_gmt":"2018-11-12T10:00:00","guid":{"rendered":"https:\/\/dietforagreenplanet.se\/fi\/?page_id=3"},"modified":"2019-10-09T20:04:39","modified_gmt":"2019-10-09T20:04:39","slug":"integritetspolicy","status":"publish","type":"page","link":"https:\/\/dietforagreenplanet.se\/fi\/integritetspolicy\/","title":{"rendered":"Integritet"},"content":{"rendered":"\n<h2>Informationsinsamling och -anv\u00e4ndande<\/h2>\n\n\n\n<p>I samband med bes\u00f6k p\u00e5 v\u00e5r webbplats s\u00e5 samlas in information fr\u00e5n anv\u00e4ndaren. Vi behandlar endast personuppgifter i den m\u00e5n det \u00e4r n\u00f6dv\u00e4ndigt f\u00f6r att tillhandah\u00e5lla en v\u00e4l fungerande webbplats, och f\u00f6r att kunna hantera webbplatsens inneh\u00e5ll och tj\u00e4nster.<\/p>\n\n\n\n<h2>Logginformation<\/h2>\n\n\n\n<p>D\u00e5 webbplatsen bes\u00f6ks samlas automatiskt standardiserad ligginformation in fr\u00e5n anv\u00e4ndarens dator, s\u00e5 som information om vilken webbl\u00e4sare och version som anv\u00e4nds, IP-adress och datum och tid f\u00f6r \u00e5tkomst.<br>Dessa uppgifter g\u00f6r det m\u00f6jligt f\u00f6r oss att tillhandah\u00e5lla, vidareutveckla och f\u00f6rb\u00e4ttra webbplatsen. Vi kommer inte att f\u00f6rs\u00f6ka ta reda p\u00e5 anv\u00e4ndarens identitet som ett resultat av bes\u00f6ket p\u00e5 webbplatsen. Vi kommer inte heller att koppla ihop data som samlas in p\u00e5 detta s\u00e4tt med personlig identifierbar information fr\u00e5n annan k\u00e4lla f\u00f6r att identifiera anv\u00e4ndaren.<br>Uppgifter som lagras i loggfiler raderas regelbundet. Ytterligare lagring \u00e4r m\u00f6jlig, men d\u00e5 raderas eller anonymiseras anv\u00e4ndarens IP-adress.<\/p>\n\n\n\n<h2>Cookies<\/h2>\n\n\n\n<p>Webbplatsen anv\u00e4nder cookies. Cookies \u00e4r textfiler som lagras i anv\u00e4ndarens webbl\u00e4sare i samband med bes\u00f6ket p\u00e5 webbplatserna. Cookies g\u00f6r att webbl\u00e4saren identifieras unikt n\u00e4r webbplatserna \u00e5terbes\u00f6ks.<br>Vi anv\u00e4nder cookies f\u00f6r att g\u00f6ra webbplatsen mer anv\u00e4ndarv\u00e4nlig. Dessutom anv\u00e4nder vi cookies som till\u00e5ter en analys av hur webbplatserna anv\u00e4nds, exempelvis frekvens av sidvisningar och inmatade s\u00f6ktermer, f\u00f6r att f\u00f6rb\u00e4ttra kvaliteten p\u00e5 webbplatsen och webbplatsens inneh\u00e5ll.<br>Cookies anv\u00e4nds ibland f\u00f6r att samla in uppgifter som anses utg\u00f6ra personuppgifter, som IP-adress och information kopplad till IP-adressen, men inga personuppgifter som \u00e4r direkt h\u00e4nf\u00f6rliga till anv\u00e4ndaren.<br>Cookies raderas antingen automatiskt n\u00e4r anv\u00e4ndaren st\u00e4nger sin webbl\u00e4sare, s\u00e5 kallade tempor\u00e4ra cookies, alternativt lagras p\u00e5 anv\u00e4ndarens dator f\u00f6r att underl\u00e4tta vid framtida bes\u00f6k p\u00e5 webbplatsen, s\u00e5 kallade permanenta cookies. \u00c4ven permanenta cookies tas bort automatiskt efter en viss tid.<br>Genom att \u00e4ndra inst\u00e4llningarna i sin webbl\u00e4sare kan anv\u00e4ndaren inaktivare eller begr\u00e4nsa \u00f6verf\u00f6ring av cookies. Redan sparade cookies kan n\u00e4r som helst raderas. Detta kan ocks\u00e5 g\u00f6ras automatiskt. Om cookies \u00e4r inaktiverade kan det vara s\u00e5 att specifika funktioner p\u00e5 webbplatsen inte kan anv\u00e4ndas fullt ut.<\/p>\n\n\n\n<h2>E-postkontakt<\/h2>\n\n\n\n<p>D\u00e5 en anv\u00e4ndare kontaktar oss med en fr\u00e5gest\u00e4llning och f\u00f6rfr\u00e5gan via formul\u00e4r p\u00e5 webbplatsen kan anv\u00e4ndaren beh\u00f6va delge oss med personuppgifter (exempelvis kontaktuppgifter). Vi kommer anv\u00e4nda dessa personuppgifter f\u00f6r att besvara\/hantera s\u00e5dana fr\u00e5gest\u00e4llningar och f\u00f6rfr\u00e5gningar, och f\u00f6r att hantera vidare korrespondens.<br>Likas\u00e5 kan anv\u00e4ndaren kontakta oss med generella fr\u00e5gest\u00e4llningar via e-post. I det fallet behandlas personuppgifter som anv\u00e4ndaren tillhandah\u00e5ller via e-post. Personuppgifterna anv\u00e4nds enbart f\u00f6r att behandla s\u00e5dan korrespondens. Personuppgifterna kommer att raderas s\u00e5 snart de inte l\u00e4ngre \u00e4r n\u00f6dv\u00e4ndiga f\u00f6r insamlingen.<\/p>\n\n\n\n<h2>Information och nyhetsbrev<\/h2>\n\n\n\n<p>Vi kan komma att efterfr\u00e5ga personuppgifter fr\u00e5n anv\u00e4ndaren vid tillhandah\u00e5llande av information och nyhetsbrev. D\u00e5 en anv\u00e4ndare \u00f6nskar prenumerera p\u00e5 information och nyhetsbrev s\u00e5 efterfr\u00e5gar vi kontaktuppgifter. Vi kommer endast att anv\u00e4nda kontaktuppgifterna f\u00f6r att skicka efterfr\u00e5gad information. Personuppgifterna kommer att raderas s\u00e5 snart de inte l\u00e4ngre \u00e4r n\u00f6dv\u00e4ndiga f\u00f6r insamlingen.<\/p>\n\n\n\n<h2>Best\u00e4llningar<\/h2>\n\n\n\n<p>Vi kan komma att efterfr\u00e5ga personuppgifter fr\u00e5n anv\u00e4ndaren i olika best\u00e4llningsformul\u00e4r. Anv\u00e4ndaren m\u00e5ste i dessa fall tillhandah\u00e5lla personuppgifter (s\u00e5 som namn och adress). Dessa personuppgifter anv\u00e4nds endast f\u00f6r att fullg\u00f6ra best\u00e4llningar. Om vi har problem att hantera en best\u00e4llning kan vi ocks\u00e5 komma att anv\u00e4nda tillhandah\u00e5llna kontaktuppgifter f\u00f6r att kontakta anv\u00e4ndaren. Personuppgifterna kommer att raderas s\u00e5 snart de inte l\u00e4ngre \u00e4r n\u00f6dv\u00e4ndiga f\u00f6r insamlingen.<\/p>\n\n\n\n<h2>Analysverktyg<\/h2>\n\n\n\n<p>Vi anv\u00e4nder Google Analytics f\u00f6r att kunna f\u00f6lja anv\u00e4ndarnas aktiviteter p\u00e5 webbplatsen. Google Analytics \u00e4r ett webbanalysverktyg fr\u00e5n Google Inc. som anv\u00e4nder cookies som kan f\u00f6lja anv\u00e4ndarens inst\u00e4llningar vid bes\u00f6k p\u00e5 webbplatsen. Den genererade informationen (inklusive IP-adress) kommer att bli anonymiserad som standard s\u00e5 att en personlig referens utesluts. Informationen som genereras av dessa cookies \u00f6verf\u00f6rs vanligtvis till och lagras av Google p\u00e5 servrar i USA. Alla anv\u00e4ndare har m\u00f6jligheten att inaktivera cookies i webbl\u00e4sarinst\u00e4llningarna.<br>Google anv\u00e4nder denna information f\u00f6r att utv\u00e4rdera anv\u00e4ndningen av webbplatserna, sammanst\u00e4lla rapporter om anv\u00e4ndarnas aktivitet p\u00e5 webbplatsen och tillhandah\u00e5lla oss andra tj\u00e4nster med anknytning till anv\u00e4ndningen av webbplatsen. Vi anv\u00e4nder denna information enbart f\u00f6r statistiska \u00e4ndam\u00e5l.<\/p>\n\n\n\n<h2>Tredjepartstj\u00e4nster<\/h2>\n\n\n\n<p>Vi kan komma att samarbeta med tredjeparter f\u00f6r att tillhandah\u00e5lla tj\u00e4nsterna beskrivna i denna policy. Vi kommer d\u00e5 att delge de personuppgifter som \u00e4r n\u00f6dv\u00e4ndiga f\u00f6r att tredjeparterna skall tillhandah\u00e5lla tj\u00e4nsterna.<\/p>\n\n\n\n<h2>Externa l\u00e4nkar<\/h2>\n\n\n\n<p>Webbplatsen inneh\u00e5ller l\u00e4nkar till andra organisationers webbplatser. Vi ansvarar inte f\u00f6r integritetspolicy och hantering av personuppgifter p\u00e5 andra organisationers webbplatser.<\/p>\n\n\n\n<h2>Anv\u00e4ndarens r\u00e4ttigheter<\/h2>\n\n\n\n<p>Anv\u00e4ndare har r\u00e4tt att beg\u00e4ra information om vilka personuppgifter vi lagrar om anv\u00e4ndaren.<br>Om personuppgifterna vi har \u00e4r inaktuella eller felaktiga har anv\u00e4ndaren ocks\u00e5 r\u00e4tt att beg\u00e4ra en uppdatering och korrigering av uppgifterna. Anv\u00e4ndaren kan ocks\u00e5 ha r\u00e4tt att beg\u00e4ra radering av personuppgifter vi har om anv\u00e4ndaren, f\u00f6ruts\u00e4tt att vi inte har en lagstadgad skyldighet att beh\u00e5lla uppgifterna eller ett legitimt intresse f\u00f6r att beh\u00e5lla s\u00e5dana uppgifter som v\u00e4ger tyngre.<br>Om behandlingen av personuppgifter utf\u00f6rs efter samtycke har anv\u00e4ndaren r\u00e4tt att n\u00e4r som helst v\u00e4nda sig till personuppgiftsansvarig f\u00f6r att \u00e5terkalla sitt samtycke, utan att detta p\u00e5verkar lagligheten av behandlingen av personuppgifter innan detta \u00e5terkallades.<br>Varje beg\u00e4ran om \u00e5tkomst, r\u00e4ttelse och radering, liksom \u00e5terkallning av samtycke, m\u00e5ste g\u00f6ras skriftligen till personuppgiftsansvarig.<\/p>\n\n\n\n<h2>\u00c4ndring av v\u00e5r n\u00e4tintegritetspolicy<\/h2>\n\n\n\n<p>Vi kan, fr\u00e5n tid till annan, uppdatera denna policy. Vi rekommenderar att anv\u00e4ndaren \u00e5terbes\u00f6ker v\u00e5r n\u00e4tintegritetspolicy f\u00f6r att ta del av uppdaterad information om hur vi hanterar integriteten f\u00f6r v\u00e5ra bes\u00f6kare.<\/p>\n","protected":false},"excerpt":{"rendered":"<p>Informationsinsamling och -anv\u00e4ndande I samband med bes\u00f6k p\u00e5 v\u00e5r webbplats s\u00e5 samlas in information fr\u00e5n anv\u00e4ndaren. Vi behandlar endast personuppgifter [&hellip;]<\/p>\n","protected":false},"author":4,"featured_media":6474,"parent":0,"menu_order":52,"comment_status":"closed","ping_status":"closed","template":"","meta":[],"sidmall":[22],"acf":[],"_links":{"self":[{"href":"https:\/\/dietforagreenplanet.se\/fi\/wp-json\/wp\/v2\/pages\/3"}],"collection":[{"href":"https:\/\/dietforagreenplanet.se\/fi\/wp-json\/wp\/v2\/pages"}],"about":[{"href":"https:\/\/dietforagreenplanet.se\/fi\/wp-json\/wp\/v2\/types\/page"}],"author":[{"embeddable":true,"href":"https:\/\/dietforagreenplanet.se\/fi\/wp-json\/wp\/v2\/users\/4"}],"replies":[{"embeddable":true,"href":"https:\/\/dietforagreenplanet.se\/fi\/wp-json\/wp\/v2\/comments?post=3"}],"version-history":[{"count":0,"href":"https:\/\/dietforagreenplanet.se\/fi\/wp-json\/wp\/v2\/pages\/3\/revisions"}],"wp:featuredmedia":[{"embeddable":true,"href":"https:\/\/dietforagreenplanet.se\/fi\/wp-json\/wp\/v2\/media\/6474"}],"wp:attachment":[{"href":"https:\/\/dietforagreenplanet.se\/fi\/wp-json\/wp\/v2\/media?parent=3"}],"wp:term":[{"taxonomy":"sidmall","embeddable":true,"href":"https:\/\/dietforagreenplanet.se\/fi\/wp-json\/wp\/v2\/sidmall?post=3"}],"curies":[{"name":"wp","href":"https:\/\/api.w.org\/{rel}","templated":true}]}}