{"id":6503,"date":"2019-10-09T13:13:01","date_gmt":"2019-10-09T13:13:01","guid":{"rendered":"https:\/\/dietforagreenplanet.se\/fi\/?page_id=6503"},"modified":"2021-04-22T08:31:51","modified_gmt":"2021-04-22T08:31:51","slug":"andra-koncept","status":"publish","type":"page","link":"https:\/\/dietforagreenplanet.se\/fi\/bakgrund\/andra-koncept\/","title":{"rendered":"Andra m\u00e5ltidskoncept"},"content":{"rendered":"\n<p>Diet for a Green Planet \u00e4r en h\u00e4lsosam kost, helt i linje med <a rel=\"noreferrer noopener nofollow\" aria-label=\"Livsmedelsverkets kostr\u00e5d (\u00f6ppnas i en ny flik)\" href=\"https:\/\/www.livsmedelsverket.se\/matvanor-halsa--miljo\/kostrad-och-matvanor\/rad-om-bra-mat-hitta-ditt-satt\/\" target=\"_blank\">Livsmedelsverkets kostr\u00e5d<\/a>.&nbsp;Konceptet g\u00e5r ocks\u00e5 ut p\u00e5 att producera mat p\u00e5 ett f\u00f6r planeten h\u00e5llbart s\u00e4tt. Det kan till\u00e4mpas \u00f6ver hela jorden och resulterar d\u00e5 i olika mat p\u00e5 tallriken beroende p\u00e5 plats och s\u00e4song.<\/p>\n\n\n\n<p>Samma utg\u00e5ngspunkt som Diet for a Green Planet \u2013 h\u00e4lsosam kost som \u00e4r h\u00e5llbart producerad \u2013 har <a rel=\"noreferrer noopener nofollow\" aria-label=\"EAT-Lancetkommissionens rapport \u201dFood, Planet, Health\u201d (\u00f6ppnas i en ny flik)\" href=\"https:\/\/eatforum.org\/eat-lancet-commission\/\" target=\"_blank\">EAT-Lancetkommissionens rapport \u201dFood, Planet, Health\u201d<\/a>, sammanst\u00e4lld av 37 framst\u00e5ende forskare fr\u00e5n hela v\u00e4rlden. Denna prestigefyllda rapport presenterades i januari 2019 och bekr\u00e4ftar kriterierna f\u00f6r Diet for a Green Planet.<\/p>\n\n\n\n<p>Ett annat uppm\u00e4rksammat koncept \u00e4r <a rel=\"noreferrer noopener nofollow\" aria-label=\"V\u00e4rldsnaturfondens (WWF) \u201dOne Planet Plate\u201d (\u00f6ppnas i en ny flik)\" href=\"https:\/\/www.wwf.se\/mat-och-jordbruk\/one-planet-plate\/\" target=\"_blank\">V\u00e4rldsnaturfondens (WWF) \u201dOne Planet Plate\u201d<\/a> som lanserades 2018. Det \u00e4r en guide och en m\u00e4rkning av m\u00e5ltider. \u00c4ven One Planet Plate \u00f6verensst\u00e4mmer med Diet for a Green Planet och f\u00f6respr\u00e5kar h\u00e5llbara m\u00e5ltider som gynnar klimatet, den biologiska m\u00e5ngfalden och h\u00e4lsan. <\/p>\n","protected":false},"excerpt":{"rendered":"<p>Diet for a Green Planet \u00e4r en h\u00e4lsosam kost, helt i linje med Livsmedelsverkets kostr\u00e5d.&nbsp;Konceptet g\u00e5r ocks\u00e5 ut p\u00e5 att [&hellip;]<\/p>\n","protected":false},"author":4,"featured_media":7257,"parent":7286,"menu_order":6,"comment_status":"closed","ping_status":"closed","template":"","meta":[],"sidmall":[],"acf":[],"_links":{"self":[{"href":"https:\/\/dietforagreenplanet.se\/fi\/wp-json\/wp\/v2\/pages\/6503"}],"collection":[{"href":"https:\/\/dietforagreenplanet.se\/fi\/wp-json\/wp\/v2\/pages"}],"about":[{"href":"https:\/\/dietforagreenplanet.se\/fi\/wp-json\/wp\/v2\/types\/page"}],"author":[{"embeddable":true,"href":"https:\/\/dietforagreenplanet.se\/fi\/wp-json\/wp\/v2\/users\/4"}],"replies":[{"embeddable":true,"href":"https:\/\/dietforagreenplanet.se\/fi\/wp-json\/wp\/v2\/comments?post=6503"}],"version-history":[{"count":5,"href":"https:\/\/dietforagreenplanet.se\/fi\/wp-json\/wp\/v2\/pages\/6503\/revisions"}],"predecessor-version":[{"id":7292,"href":"https:\/\/dietforagreenplanet.se\/fi\/wp-json\/wp\/v2\/pages\/6503\/revisions\/7292"}],"up":[{"embeddable":true,"href":"https:\/\/dietforagreenplanet.se\/fi\/wp-json\/wp\/v2\/pages\/7286"}],"wp:featuredmedia":[{"embeddable":true,"href":"https:\/\/dietforagreenplanet.se\/fi\/wp-json\/wp\/v2\/media\/7257"}],"wp:attachment":[{"href":"https:\/\/dietforagreenplanet.se\/fi\/wp-json\/wp\/v2\/media?parent=6503"}],"wp:term":[{"taxonomy":"sidmall","embeddable":true,"href":"https:\/\/dietforagreenplanet.se\/fi\/wp-json\/wp\/v2\/sidmall?post=6503"}],"curies":[{"name":"wp","href":"https:\/\/api.w.org\/{rel}","templated":true}]}}