{"id":6513,"date":"2019-10-09T13:14:43","date_gmt":"2019-10-09T13:14:43","guid":{"rendered":"https:\/\/dietforagreenplanet.se\/fi\/?page_id=6513"},"modified":"2021-04-22T08:34:07","modified_gmt":"2021-04-22T08:34:07","slug":"referenser-rapporter","status":"publish","type":"page","link":"https:\/\/dietforagreenplanet.se\/fi\/bakgrund\/referenser-rapporter\/","title":{"rendered":"\u00d6vriga rapporter"},"content":{"rendered":"\n<h4><a href=\"https:\/\/dietforagreenplanet.se\/fi\/forskning\/vetenskap\/\">H\u00e4r kan du l\u00e4sa om forskningen bakom Diet for a Green Planet.<\/a><\/h4>\n\n\n\n<h4><a href=\"https:\/\/dietforagreenplanet.se\/fi\/forskning\/annan-forskning\/\">...och h\u00e4r kan du l\u00e4sa om annan relaterad forskning.<\/a><\/h4>\n\n\n\n<p>Inom det besl\u00e4ktade <a rel=\"noreferrer noopener nofollow\" aria-label=\"projekt MatLust (\u00f6ppnas i en ny flik)\" href=\"http:\/\/www.matlust.eu\" target=\"_blank\">Projekt MatLust<\/a> har vi gett i uppdrag \u00e5t jordbruksexperten Gunnar Rundgren ta fram rapporter kring aktuella \u00e4mnen. Dessa rapporter \u00e4r inte vetenskapliga arbeten i sig men bygger p\u00e5 genomg\u00e5ngar och sammanst\u00e4llningar av gedigen forskning och statistik inom respektive omr\u00e5de.<\/p>\n\n\n\n<ul><li><a rel=\"noreferrer noopener nofollow\" aria-label=\"Vilket matfett ska man v\u00e4lja? \u00c4r palmolja alltid d\u00e5ligt? (\u00f6ppnas i en ny flik)\" href=\"https:\/\/matlust.eu\/wp-content\/uploads\/sites\/8\/2016\/11\/Fettrapport-MatLust-november-2016-av-Gunnar-Rundgren-final.pdf\" target=\"_blank\">Vilket matfett ska man v\u00e4lja? \u00c4r palmolja alltid d\u00e5ligt?<\/a> <\/li><li><a rel=\"noreferrer noopener nofollow\" aria-label=\"Mj\u00f6lkprodukter och vegetabiliska alternativ till mj\u00f6lkprodukter \u2013 milj\u00f6, klimat och h\u00e4lsa (\u00f6ppnas i en ny flik)\" href=\"https:\/\/matlust.eu\/wp-content\/uploads\/sites\/8\/2019\/02\/MatLust-rapport-mjolk-final-webb.pdf\" target=\"_blank\">Mj\u00f6lkprodukter och vegetabiliska alternativ till mj\u00f6lkprodukter \u2013 milj\u00f6, klimat och h\u00e4lsa<\/a>&nbsp; <\/li><\/ul>\n\n\n\n<p>Sveriges nationella livsmedelsstrategi och den regionala livsmedelsstrategin f\u00f6r Stockholms l\u00e4n \u00e4r inte vetenskapliga arbeten, men har betydelse f\u00f6r oss genom att de dels s\u00e4tter m\u00e5l kring ekologisk och diversifierad produktion, dels bekr\u00e4ftar och st\u00f6djer inriktningen f\u00f6r v\u00e5rt arbete.&nbsp;<\/p>\n\n\n\n<ul><li><a rel=\"noreferrer noopener nofollow\" aria-label=\"Sveriges nationella livsmedelsstrategi (\u00f6ppnas i en ny flik)\" href=\"https:\/\/www.regeringen.se\/4908a0\/contentassets\/89c5b3e5d23f473d843d12f12379d07b\/livsmedelsstrategin_kortversion_170130.pdf\" target=\"_blank\">Sveriges nationella livsmedelsstrategi<\/a><\/li><li><a href=\"https:\/\/www.lansstyrelsen.se\/download\/18.6a8f491016b944a8cbe2856a\/1566386322466\/Rapport%202019-16%20Stockholms%20l%C3%A4ns%20Livsmedelsstrategi.pdf\" target=\"_blank\" rel=\"noreferrer noopener nofollow\" aria-label=\"Regional livsmedelsstrategi f\u00f6r Stockholms l\u00e4n (\u00f6ppnas i en ny flik)\">Regional livsmedelsstrategi f\u00f6r Stockholms l\u00e4n<\/a><\/li><\/ul>\n\n\n\n<p><\/p>\n","protected":false},"excerpt":{"rendered":"<p>H\u00e4r kan du l\u00e4sa om forskningen bakom Diet for a Green Planet. ...och h\u00e4r kan du l\u00e4sa om annan relaterad [&hellip;]<\/p>\n","protected":false},"author":4,"featured_media":7261,"parent":7286,"menu_order":7,"comment_status":"closed","ping_status":"closed","template":"","meta":[],"sidmall":[],"acf":[],"_links":{"self":[{"href":"https:\/\/dietforagreenplanet.se\/fi\/wp-json\/wp\/v2\/pages\/6513"}],"collection":[{"href":"https:\/\/dietforagreenplanet.se\/fi\/wp-json\/wp\/v2\/pages"}],"about":[{"href":"https:\/\/dietforagreenplanet.se\/fi\/wp-json\/wp\/v2\/types\/page"}],"author":[{"embeddable":true,"href":"https:\/\/dietforagreenplanet.se\/fi\/wp-json\/wp\/v2\/users\/4"}],"replies":[{"embeddable":true,"href":"https:\/\/dietforagreenplanet.se\/fi\/wp-json\/wp\/v2\/comments?post=6513"}],"version-history":[{"count":12,"href":"https:\/\/dietforagreenplanet.se\/fi\/wp-json\/wp\/v2\/pages\/6513\/revisions"}],"predecessor-version":[{"id":7293,"href":"https:\/\/dietforagreenplanet.se\/fi\/wp-json\/wp\/v2\/pages\/6513\/revisions\/7293"}],"up":[{"embeddable":true,"href":"https:\/\/dietforagreenplanet.se\/fi\/wp-json\/wp\/v2\/pages\/7286"}],"wp:featuredmedia":[{"embeddable":true,"href":"https:\/\/dietforagreenplanet.se\/fi\/wp-json\/wp\/v2\/media\/7261"}],"wp:attachment":[{"href":"https:\/\/dietforagreenplanet.se\/fi\/wp-json\/wp\/v2\/media?parent=6513"}],"wp:term":[{"taxonomy":"sidmall","embeddable":true,"href":"https:\/\/dietforagreenplanet.se\/fi\/wp-json\/wp\/v2\/sidmall?post=6513"}],"curies":[{"name":"wp","href":"https:\/\/api.w.org\/{rel}","templated":true}]}}