{"id":6526,"date":"2019-10-09T13:16:31","date_gmt":"2019-10-09T13:16:31","guid":{"rendered":"https:\/\/dietforagreenplanet.se\/fi\/?page_id=6526"},"modified":"2021-04-21T06:26:22","modified_gmt":"2021-04-21T06:26:22","slug":"dgp-urbact","status":"publish","type":"page","link":"https:\/\/dietforagreenplanet.se\/fi\/projekten\/dgp-urbact\/","title":{"rendered":"Diet for a Green Planet \u2013 URBACT Pilot Transfer Project 2014\u20132015"},"content":{"rendered":"\n<p>Detta s.k. \u201dpilot transfer project\u201d syftade till att S\u00f6dert\u00e4lje (s.k. giving city) \u00f6verf\u00f6rde kostkonceptet Diet for a Green Planet till tre europeiska st\u00e4der (s.k. receiving cities) \u2013 Mollet del Vall\u00e8s i Spanien, Mol\u00e9tai i Litauen och Lom\u017ca, i Polen.<\/p>\n\n\n\n<p>Under 16 m\u00e5nader arbetade de tre mottagande st\u00e4derna (med st\u00f6d av S\u00f6dert\u00e4lje) med att l\u00e4ra sig konceptet Diet for a Green Planet och d\u00e4refter identifiera hur konceptet skulle kunna implementeras i deras respektive m\u00e5ltidsverksamhet f\u00f6r skola\/f\u00f6rskola.<\/p>\n\n\n\n<p>Ett ytterligare syfte med projektet var att p\u00e5verka beslutsfattare i de mottagande st\u00e4derna att p\u00e5b\u00f6rja arbetet att skapa en kostpolicy som f\u00f6respr\u00e5kar h\u00e5llbara offentliga m\u00e5ltider.<\/p>\n\n\n\n<p>Med helt olika utg\u00e5ngspunkter och organisatoriska f\u00f6ruts\u00e4ttningar kom utfallet i de tre mottagande st\u00e4derna att se helt olika ut \u2013 men det \u00e4r styrkan med Diet for a Green Planet. Det \u00e4r ett s\u00e4tt att f\u00f6rh\u00e5lla sig till maten som g\u00e5r att anpassa till olika geografiska platser och verksamheter, men som kommer att generera olika mat p\u00e5 tallriken.<\/p>\n\n\n\n<p>Trots den korta projekttiden uppn\u00e5ddes mycket, framf\u00f6r allt i spanska Mollet del Vall\u00e8s, d\u00e4r hela upphandlingsf\u00f6rfarandet utvecklades f\u00f6r att motsvara kriterierna i Det for a Green Planet. Tre f\u00f6rskolor lade om sin kost enligt konceptet och en kostpolicy klubbades igenom med politisk enighet. Projektet har m\u00e5nga g\u00e5nger sedan det avslutades lyfts fram av URBACT-sekretariatet som ett framg\u00e5ngsprojekt.<\/p>\n\n\n\n<p><a rel=\"noreferrer noopener nofollow\" aria-label=\"H\u00e4r kan du l\u00e4sa projektets slutrapport. (\u00f6ppnas i en ny flik)\" href=\"https:\/\/www.sodertalje.se\/contentassets\/d393a33a1fcf4b94b3eaf16bdf45d37e\/diet-for-a-green-planet---an-urbact-pilot-transfer-network---final-report.pdf\" target=\"_blank\">H\u00e4r kan du l\u00e4sa projektets slutrapport.<\/a><\/p>\n\n\n\n<p><a href=\"https:\/\/urbact.eu\/diet-green-planet-0\" target=\"_blank\" rel=\"noreferrer noopener nofollow\" aria-label=\"H\u00e4r kan du l\u00e4sa om projektet p\u00e5 URBACTs hemsida. (\u00f6ppnas i en ny flik)\">H\u00e4r kan du l\u00e4sa om projektet p\u00e5 URBACTs hemsida.<\/a><\/p>\n\n\n\n<h2><strong>Fakta<\/strong><\/h2>\n\n\n\n<ul><li>Projekt: Diet for a Green Planet \u2013 URBACT Pilot Transfer Project. <\/li><li>Tidsram: 16 m\u00e5nader under 2014-15.<\/li><li>Deltagande st\u00e4der: S\u00f6dert\u00e4lje (giving city), Mollet del Vall\u00e8s i Spanien, Mol\u00e9tai i Litauen och Lom\u017ca i Polen (receiving cities).<\/li><\/ul>\n","protected":false},"excerpt":{"rendered":"<p>Detta s.k. \u201dpilot transfer project\u201d syftade till att S\u00f6dert\u00e4lje (s.k. giving city) \u00f6verf\u00f6rde kostkonceptet Diet for a Green Planet till [&hellip;]<\/p>\n","protected":false},"author":4,"featured_media":7246,"parent":6516,"menu_order":22,"comment_status":"closed","ping_status":"closed","template":"","meta":[],"sidmall":[],"acf":[],"_links":{"self":[{"href":"https:\/\/dietforagreenplanet.se\/fi\/wp-json\/wp\/v2\/pages\/6526"}],"collection":[{"href":"https:\/\/dietforagreenplanet.se\/fi\/wp-json\/wp\/v2\/pages"}],"about":[{"href":"https:\/\/dietforagreenplanet.se\/fi\/wp-json\/wp\/v2\/types\/page"}],"author":[{"embeddable":true,"href":"https:\/\/dietforagreenplanet.se\/fi\/wp-json\/wp\/v2\/users\/4"}],"replies":[{"embeddable":true,"href":"https:\/\/dietforagreenplanet.se\/fi\/wp-json\/wp\/v2\/comments?post=6526"}],"version-history":[{"count":6,"href":"https:\/\/dietforagreenplanet.se\/fi\/wp-json\/wp\/v2\/pages\/6526\/revisions"}],"predecessor-version":[{"id":7030,"href":"https:\/\/dietforagreenplanet.se\/fi\/wp-json\/wp\/v2\/pages\/6526\/revisions\/7030"}],"up":[{"embeddable":true,"href":"https:\/\/dietforagreenplanet.se\/fi\/wp-json\/wp\/v2\/pages\/6516"}],"wp:featuredmedia":[{"embeddable":true,"href":"https:\/\/dietforagreenplanet.se\/fi\/wp-json\/wp\/v2\/media\/7246"}],"wp:attachment":[{"href":"https:\/\/dietforagreenplanet.se\/fi\/wp-json\/wp\/v2\/media?parent=6526"}],"wp:term":[{"taxonomy":"sidmall","embeddable":true,"href":"https:\/\/dietforagreenplanet.se\/fi\/wp-json\/wp\/v2\/sidmall?post=6526"}],"curies":[{"name":"wp","href":"https:\/\/api.w.org\/{rel}","templated":true}]}}