{"id":6528,"date":"2019-10-09T13:16:44","date_gmt":"2019-10-09T13:16:44","guid":{"rendered":"https:\/\/dietforagreenplanet.se\/fi\/?page_id=6528"},"modified":"2021-04-21T06:31:48","modified_gmt":"2021-04-21T06:31:48","slug":"matlust-2015-2021","status":"publish","type":"page","link":"https:\/\/dietforagreenplanet.se\/fi\/projekten\/matlust-2015-2021\/","title":{"rendered":"MatLust 2015\u20132021"},"content":{"rendered":"\n<p>MatLust finns p\u00e5 S\u00f6dert\u00e4lje Science Park och \u00e4r ett EU-projekt som p\u00e5g\u00e5r till 2021. Visionen \u00e4r att etablera ett permanent regionalt kunskapscentrum och en kreativ m\u00f6tesplats f\u00f6r mat och h\u00e5llbarhet i S\u00f6dert\u00e4lje \u2013 med akt\u00f6rer fr\u00e5n n\u00e4ringsliv, akademi, offentlig sektor och civilsamh\u00e4lle. MatLust drivs av S\u00f6dert\u00e4lje kommun genom Destination S\u00f6dert\u00e4lje med bl.a. Kungliga Tekniska H\u00f6gskolan (KTH) som samarbetspartner.<\/p>\n\n\n\n<p>M\u00e5let \u00e4r att utveckla en h\u00e5llbar och l\u00f6nsam livsmedelsn\u00e4ring i Stockholmsregionen. MatLust erbjuder utvecklingsprogram, testb\u00e4ddar, n\u00e4tverk och andra former av st\u00f6d till sm\u00e5 och medelstora livsmedelsf\u00f6retag som vill v\u00e4xa och arbeta aktivt med h\u00e5llbarhet. Tack vare brett f\u00f6rankrade politiska beslut, kan S\u00f6dert\u00e4lje anv\u00e4nda den offentliga m\u00e5ltiden som h\u00e4vst\u00e5ng i milj\u00f6- och h\u00e4lsoarbetet och f\u00f6r livsmedelsutveckling.<\/p>\n\n\n\n<p>MatLust har hela livsmedelskedjan fr\u00e5n jord till bord till jord som perspektiv. MatLust \u00e4r en arena som kopplar samman n\u00e4ringsliv, offentlig sektor och akademi f\u00f6r samverkan och nya aff\u00e4rer. H\u00e4r erbjuds f\u00f6retag och andra akt\u00f6rer en neutral arena som fr\u00e4mjar m\u00f6ten som kan leda till nya aff\u00e4rer och innovationer.<\/p>\n\n\n\n<h2>Fakta<\/h2>\n\n\n\n<ul><li>Syfte: MatLust ska bidra till en h\u00e5llbar och l\u00f6nsam livsmedelsn\u00e4ring i Stockholmsregionen och etablera S\u00f6dert\u00e4lje som regional livsmedelsnod.<\/li><li>M\u00e5lgrupp: Sm\u00e5 och medelstora f\u00f6retag inom livsmedelsn\u00e4ringen \u2013 i huvudsak inom f\u00f6r\u00e4dling, m\u00e5ltider och handel men \u00e4ven kringtj\u00e4nster.<\/li><li>M\u00e5ls\u00e4ttning: \u00d6ka tillv\u00e4xt och syssels\u00e4ttning inom m\u00e5lgruppen. Ett av de kvantitativa m\u00e5len \u00e4r 175 deltagande f\u00f6retag.<\/li><li>Projekt\u00e4gare: Destination S\u00f6dert\u00e4lje inom S\u00f6dert\u00e4lje kommun.<\/li><li>Samarbetspartner: S\u00f6dert\u00e4lje Science Park, KTH, Acturum Biovation, Salt\u00e5 Kvarn m.fl.<\/li><li>Geografiskt omr\u00e5de: Stockholms l\u00e4n, med fokus p\u00e5 s\u00f6dra delen av l\u00e4net, samt upp till 10 % deltagare fr\u00e5n n\u00e4rliggande l\u00e4n.<\/li><li>Tidsram: 2015-2021.<\/li><li>L\u00e4s mer: <a rel=\"noreferrer noopener nofollow\" aria-label=\"matlust.eu (\u00f6ppnas i en ny flik)\" href=\"http:\/\/www.matlust.eu\" target=\"_blank\">matlust.eu<\/a>.<\/li><\/ul>\n","protected":false},"excerpt":{"rendered":"<p>MatLust finns p\u00e5 S\u00f6dert\u00e4lje Science Park och \u00e4r ett EU-projekt som p\u00e5g\u00e5r till 2021. Visionen \u00e4r att etablera ett permanent [&hellip;]<\/p>\n","protected":false},"author":4,"featured_media":7247,"parent":6516,"menu_order":26,"comment_status":"closed","ping_status":"closed","template":"","meta":[],"sidmall":[],"acf":[],"_links":{"self":[{"href":"https:\/\/dietforagreenplanet.se\/fi\/wp-json\/wp\/v2\/pages\/6528"}],"collection":[{"href":"https:\/\/dietforagreenplanet.se\/fi\/wp-json\/wp\/v2\/pages"}],"about":[{"href":"https:\/\/dietforagreenplanet.se\/fi\/wp-json\/wp\/v2\/types\/page"}],"author":[{"embeddable":true,"href":"https:\/\/dietforagreenplanet.se\/fi\/wp-json\/wp\/v2\/users\/4"}],"replies":[{"embeddable":true,"href":"https:\/\/dietforagreenplanet.se\/fi\/wp-json\/wp\/v2\/comments?post=6528"}],"version-history":[{"count":3,"href":"https:\/\/dietforagreenplanet.se\/fi\/wp-json\/wp\/v2\/pages\/6528\/revisions"}],"predecessor-version":[{"id":6873,"href":"https:\/\/dietforagreenplanet.se\/fi\/wp-json\/wp\/v2\/pages\/6528\/revisions\/6873"}],"up":[{"embeddable":true,"href":"https:\/\/dietforagreenplanet.se\/fi\/wp-json\/wp\/v2\/pages\/6516"}],"wp:featuredmedia":[{"embeddable":true,"href":"https:\/\/dietforagreenplanet.se\/fi\/wp-json\/wp\/v2\/media\/7247"}],"wp:attachment":[{"href":"https:\/\/dietforagreenplanet.se\/fi\/wp-json\/wp\/v2\/media?parent=6528"}],"wp:term":[{"taxonomy":"sidmall","embeddable":true,"href":"https:\/\/dietforagreenplanet.se\/fi\/wp-json\/wp\/v2\/sidmall?post=6528"}],"curies":[{"name":"wp","href":"https:\/\/api.w.org\/{rel}","templated":true}]}}