{"id":6532,"date":"2019-10-09T13:17:10","date_gmt":"2019-10-09T13:17:10","guid":{"rendered":"https:\/\/dietforagreenplanet.se\/fi\/?page_id=6532"},"modified":"2024-08-23T07:51:47","modified_gmt":"2024-08-23T07:51:47","slug":"omstallning","status":"publish","type":"page","link":"https:\/\/dietforagreenplanet.se\/fi\/omstallning\/","title":{"rendered":"K\u00e4yt\u00e4nn\u00f6n sovelluksia"},"content":{"rendered":"","protected":false},"excerpt":{"rendered":"","protected":false},"author":4,"featured_media":6479,"parent":0,"menu_order":6,"comment_status":"closed","ping_status":"closed","template":"","meta":[],"sidmall":[22],"acf":[],"_links":{"self":[{"href":"https:\/\/dietforagreenplanet.se\/fi\/wp-json\/wp\/v2\/pages\/6532"}],"collection":[{"href":"https:\/\/dietforagreenplanet.se\/fi\/wp-json\/wp\/v2\/pages"}],"about":[{"href":"https:\/\/dietforagreenplanet.se\/fi\/wp-json\/wp\/v2\/types\/page"}],"author":[{"embeddable":true,"href":"https:\/\/dietforagreenplanet.se\/fi\/wp-json\/wp\/v2\/users\/4"}],"replies":[{"embeddable":true,"href":"https:\/\/dietforagreenplanet.se\/fi\/wp-json\/wp\/v2\/comments?post=6532"}],"version-history":[{"count":10,"href":"https:\/\/dietforagreenplanet.se\/fi\/wp-json\/wp\/v2\/pages\/6532\/revisions"}],"predecessor-version":[{"id":7661,"href":"https:\/\/dietforagreenplanet.se\/fi\/wp-json\/wp\/v2\/pages\/6532\/revisions\/7661"}],"wp:featuredmedia":[{"embeddable":true,"href":"https:\/\/dietforagreenplanet.se\/fi\/wp-json\/wp\/v2\/media\/6479"}],"wp:attachment":[{"href":"https:\/\/dietforagreenplanet.se\/fi\/wp-json\/wp\/v2\/media?parent=6532"}],"wp:term":[{"taxonomy":"sidmall","embeddable":true,"href":"https:\/\/dietforagreenplanet.se\/fi\/wp-json\/wp\/v2\/sidmall?post=6532"}],"curies":[{"name":"wp","href":"https:\/\/api.w.org\/{rel}","templated":true}]}}