{"id":7298,"date":"2021-08-18T10:56:11","date_gmt":"2021-08-18T10:56:11","guid":{"rendered":"https:\/\/dietforagreenplanet.se\/fi\/?page_id=7298"},"modified":"2021-09-16T08:08:48","modified_gmt":"2021-09-16T08:08:48","slug":"hallbara-recept","status":"publish","type":"page","link":"https:\/\/dietforagreenplanet.se\/fi\/omstallning\/hallbara-recept\/","title":{"rendered":"H\u00e5llbara recept"},"content":{"rendered":"\n<p>H\u00e4r kan du ta del av massor av recept som bygger p\u00e5 Diet for a Green Planet-konceptet. Recepten \u00e4r utvecklade av kockar och m\u00e5ltidsutvecklare inom kostenheten i S\u00f6dert\u00e4lje kommun och vi har sorterat dem utifr\u00e5n s\u00e4song.<\/p>\n\n\n\n<p><strong>Klicka p\u00e5 l\u00e4nkarna nedan och lycka till i k\u00f6ket!<\/strong><\/p>\n\n\n\n<h2>Vinter <\/h2>\n\n\n\n<p><a href=\"https:\/\/dietforagreenplanet.se\/wp-content\/uploads\/sites\/8\/2021\/09\/Chili-pa-svensk-baljvaxtfars.pdf\" target=\"_blank\" rel=\"noreferrer noopener\">&gt;&gt; Chili p\u00e5 svensk baljv\u00e4xtf\u00e4rs<\/a><\/p>\n\n\n\n<p><a href=\"https:\/\/dietforagreenplanet.se\/wp-content\/uploads\/sites\/8\/2021\/08\/Havrerisbiffar-med-svenska-grona-artor.pdf\" target=\"_blank\" rel=\"noreferrer noopener\">&gt;&gt; Havrerisbiffar med svenska gr\u00f6na \u00e4rtor<\/a><\/p>\n\n\n\n<p><a href=\"https:\/\/dietforagreenplanet.se\/wp-content\/uploads\/sites\/8\/2021\/08\/Kalrotshummus-pa-graarta.pdf\" target=\"_blank\" rel=\"noreferrer noopener\">&gt;&gt; K\u00e5lrotshummus p\u00e5 gr\u00e5\u00e4rta<\/a><\/p>\n\n\n\n<p><a href=\"https:\/\/dietforagreenplanet.se\/wp-content\/uploads\/sites\/8\/2021\/08\/Panerad-rotselleri.pdf\" target=\"_blank\" rel=\"noreferrer noopener\">&gt;&gt; Panerad rotselleri<\/a><\/p>\n\n\n\n<p><a href=\"https:\/\/dietforagreenplanet.se\/wp-content\/uploads\/sites\/8\/2021\/08\/Potatis-och-purjolokssoppa.pdf\" target=\"_blank\" rel=\"noreferrer noopener\">&gt;&gt; Potatis och purjol\u00f6kssoppa<\/a><\/p>\n\n\n\n<p><a href=\"https:\/\/dietforagreenplanet.se\/wp-content\/uploads\/sites\/8\/2021\/08\/Rodbetssallad-med-salladsost-och-solrosfron.pdf\" target=\"_blank\" rel=\"noreferrer noopener\">&gt;&gt; R\u00f6dbetssallad med salladsost och solrosfr\u00f6n<\/a><\/p>\n\n\n\n<p><a href=\"https:\/\/dietforagreenplanet.se\/wp-content\/uploads\/sites\/8\/2021\/08\/Vintersallad-med-gula-artor.pdf\" target=\"_blank\" rel=\"noreferrer noopener\">&gt;&gt; Vintersallad med gula \u00e4rtor<\/a><\/p>\n\n\n\n<p><a href=\"https:\/\/dietforagreenplanet.se\/wp-content\/uploads\/sites\/8\/2021\/08\/Vintertabbouli-med-helt-korn.pdf\" target=\"_blank\" rel=\"noreferrer noopener\">&gt;&gt; Vintertabbouli med helt korn<\/a><\/p>\n\n\n\n<p><a href=\"https:\/\/dietforagreenplanet.se\/wp-content\/uploads\/sites\/8\/2021\/08\/Vitkalssallad.pdf\" target=\"_blank\" rel=\"noreferrer noopener\">&gt;&gt; Vitk\u00e5lssallad<\/a><\/p>\n\n\n\n<h2>V\u00e5r<\/h2>\n\n\n\n<p><a href=\"https:\/\/dietforagreenplanet.se\/wp-content\/uploads\/sites\/8\/2021\/08\/Blombackas-gula-linssoppa.pdf\" target=\"_blank\" rel=\"noreferrer noopener\">&gt;&gt; Blombackas gula linssoppa<\/a><\/p>\n\n\n\n<p><a href=\"https:\/\/dietforagreenplanet.se\/wp-content\/uploads\/sites\/8\/2021\/08\/Bonratatouille.pdf\" target=\"_blank\" rel=\"noreferrer noopener\">&gt;&gt; B\u00f6nratatouille<\/a><\/p>\n\n\n\n<p><a href=\"https:\/\/dietforagreenplanet.se\/wp-content\/uploads\/sites\/8\/2021\/08\/Korngrynssallad-med-spenat-och-soltorkade-tomater.pdf\" target=\"_blank\" rel=\"noreferrer noopener\">&gt;&gt; Korngrynssallad med spenat och soltorkade tomater<\/a><\/p>\n\n\n\n<p><a href=\"https:\/\/dietforagreenplanet.se\/wp-content\/uploads\/sites\/8\/2021\/08\/Nasselsoppa.pdf\" target=\"_blank\" rel=\"noreferrer noopener\">&gt;&gt; N\u00e4sselsoppa<\/a><\/p>\n\n\n\n<p><a href=\"https:\/\/dietforagreenplanet.se\/wp-content\/uploads\/sites\/8\/2021\/08\/Quinoabiffar-med-farsk-basilika-och-salladsost.pdf\" target=\"_blank\" rel=\"noreferrer noopener\">&gt;&gt; Quinoabiffar med f\u00e4rsk basilika och salladsost<\/a><\/p>\n\n\n\n<p><a href=\"https:\/\/dietforagreenplanet.se\/wp-content\/uploads\/sites\/8\/2021\/08\/Tempehnuggets-med-artonnaise.pdf\" target=\"_blank\" rel=\"noreferrer noopener\">&gt;&gt; Tempehnuggets med \u00e4rtonnaise<\/a><\/p>\n\n\n\n<h2>Sommar<\/h2>\n\n\n\n<p><a href=\"https:\/\/dietforagreenplanet.se\/wp-content\/uploads\/sites\/8\/2021\/08\/Blomkal-och-broccoligratang-med-rokt-honskott.pdf\" target=\"_blank\" rel=\"noreferrer noopener\">&gt;&gt; Blomk\u00e5l- och broccoligrat\u00e4ng med r\u00f6kt h\u00f6nsk\u00f6tt<\/a><\/p>\n\n\n\n<p><a href=\"https:\/\/dietforagreenplanet.se\/wp-content\/uploads\/sites\/8\/2021\/08\/Fyllda-och-gratinerade-paprikor-med-havreris.pdf\" target=\"_blank\" rel=\"noreferrer noopener\">&gt;&gt; Fyllda och gratinerade paprikor med havreris<\/a><\/p>\n\n\n\n<p><a href=\"https:\/\/dietforagreenplanet.se\/wp-content\/uploads\/sites\/8\/2021\/08\/Farsk-tomatsalsa.pdf\" target=\"_blank\" rel=\"noreferrer noopener\">&gt;&gt; F\u00e4rsk tomatsalsa<\/a><\/p>\n\n\n\n<p><a href=\"https:\/\/dietforagreenplanet.se\/wp-content\/uploads\/sites\/8\/2021\/08\/Gronsakssoppa.pdf\" target=\"_blank\" rel=\"noreferrer noopener\">&gt;&gt; Gr\u00f6nsakssoppa<\/a><\/p>\n\n\n\n<p><a href=\"https:\/\/dietforagreenplanet.se\/wp-content\/uploads\/sites\/8\/2021\/08\/Gronsallad-med-rattika-och-ortdressing.pdf\" target=\"_blank\" rel=\"noreferrer noopener\">&gt;&gt; Gr\u00f6nsallad med r\u00e4ttika och \u00f6rtdressing<\/a><\/p>\n\n\n\n<p><a href=\"https:\/\/dietforagreenplanet.se\/wp-content\/uploads\/sites\/8\/2021\/08\/Rustik-ortpesto.pdf\" target=\"_blank\" rel=\"noreferrer noopener\">&gt;&gt; Rustik \u00f6rtpesto<\/a><\/p>\n\n\n\n<p><a href=\"https:\/\/dietforagreenplanet.se\/wp-content\/uploads\/sites\/8\/2021\/08\/Sommartabbouleh-med-helt-korn.pdf\" target=\"_blank\" rel=\"noreferrer noopener\">&gt;&gt; Sommartabbouleh med helt korn<\/a><\/p>\n\n\n\n<p><a href=\"https:\/\/dietforagreenplanet.se\/wp-content\/uploads\/sites\/8\/2021\/08\/Yoghurtsas-med-ruccula-och-farskriven-parmesan.pdf\" target=\"_blank\" rel=\"noreferrer noopener\">&gt;&gt; Yoghurts\u00e5s med ruccula och f\u00e4rskriven parmesan<\/a><\/p>\n\n\n\n<h2>H\u00f6st<\/h2>\n\n\n\n<p><a href=\"https:\/\/dietforagreenplanet.se\/wp-content\/uploads\/sites\/8\/2021\/08\/Bondomelett-med-potatis-och-svamp.pdf\" target=\"_blank\" rel=\"noreferrer noopener\">&gt;&gt; Bondomelett med potatis och svamp<\/a><\/p>\n\n\n\n<p><a href=\"https:\/\/dietforagreenplanet.se\/wp-content\/uploads\/sites\/8\/2021\/08\/Enes-viltfarslimpa.pdf\" target=\"_blank\" rel=\"noreferrer noopener\">&gt;&gt; Enes viltf\u00e4rslimpa<\/a><\/p>\n\n\n\n<p><a href=\"https:\/\/dietforagreenplanet.se\/wp-content\/uploads\/sites\/8\/2021\/08\/Gul-eller-graartsfalafel.pdf\" target=\"_blank\" rel=\"noreferrer noopener\">&gt;&gt; Gul- eller gr\u00e5\u00e4rtsfalafel<\/a><\/p>\n\n\n\n<p><a href=\"https:\/\/dietforagreenplanet.se\/wp-content\/uploads\/sites\/8\/2021\/08\/Hummus-pa-gula-artor.pdf\" target=\"_blank\" rel=\"noreferrer noopener\">&gt;&gt; Hummus p\u00e5 gula \u00e4rtor<\/a><\/p>\n\n\n\n<p><a href=\"https:\/\/dietforagreenplanet.se\/wp-content\/uploads\/sites\/8\/2021\/08\/Hallbar-kottfarssas-med-linser.pdf\" target=\"_blank\" rel=\"noreferrer noopener\">&gt;&gt; H\u00e5llbar k\u00f6ttf\u00e4rss\u00e5s med linser<\/a><\/p>\n\n\n\n<p><a href=\"https:\/\/dietforagreenplanet.se\/wp-content\/uploads\/sites\/8\/2021\/08\/Honschili.pdf\" target=\"_blank\" rel=\"noreferrer noopener\">&gt;&gt; H\u00f6nschili<\/a><\/p>\n\n\n\n<p><a href=\"https:\/\/dietforagreenplanet.se\/wp-content\/uploads\/sites\/8\/2021\/08\/Mustig-rotfruktschili.pdf\" target=\"_blank\" rel=\"noreferrer noopener\">&gt;&gt; Mustig rotfruktschili<\/a><\/p>\n\n\n\n<p><a href=\"https:\/\/dietforagreenplanet.se\/wp-content\/uploads\/sites\/8\/2021\/08\/Rotfruktsallad.pdf\" target=\"_blank\" rel=\"noreferrer noopener\">&gt;&gt; Rotfruktsallad<\/a><\/p>\n\n\n\n<p><a href=\"https:\/\/dietforagreenplanet.se\/wp-content\/uploads\/sites\/8\/2021\/08\/Vegetarisk-lasagne-med-linser-och-ostsas.pdf\" target=\"_blank\" rel=\"noreferrer noopener\">&gt;&gt; Vegetarisk lasagne med linser och osts\u00e5s<\/a><\/p>\n\n\n\n<p><a href=\"https:\/\/dietforagreenplanet.se\/wp-content\/uploads\/sites\/8\/2021\/08\/Artsoppa-med-rotfrukter-och-skansk-senap.pdf\" target=\"_blank\" rel=\"noreferrer noopener\">&gt;&gt; \u00c4rtsoppa med rotfrukter och sk\u00e5nsk senap<\/a><\/p>\n","protected":false},"excerpt":{"rendered":"<p>H\u00e4r kan du ta del av massor av recept som bygger p\u00e5 Diet for a Green Planet-konceptet. Recepten \u00e4r utvecklade [&hellip;]<\/p>\n","protected":false},"author":2,"featured_media":7466,"parent":6532,"menu_order":46,"comment_status":"closed","ping_status":"closed","template":"","meta":[],"sidmall":[],"acf":[],"_links":{"self":[{"href":"https:\/\/dietforagreenplanet.se\/fi\/wp-json\/wp\/v2\/pages\/7298"}],"collection":[{"href":"https:\/\/dietforagreenplanet.se\/fi\/wp-json\/wp\/v2\/pages"}],"about":[{"href":"https:\/\/dietforagreenplanet.se\/fi\/wp-json\/wp\/v2\/types\/page"}],"author":[{"embeddable":true,"href":"https:\/\/dietforagreenplanet.se\/fi\/wp-json\/wp\/v2\/users\/2"}],"replies":[{"embeddable":true,"href":"https:\/\/dietforagreenplanet.se\/fi\/wp-json\/wp\/v2\/comments?post=7298"}],"version-history":[{"count":12,"href":"https:\/\/dietforagreenplanet.se\/fi\/wp-json\/wp\/v2\/pages\/7298\/revisions"}],"predecessor-version":[{"id":7498,"href":"https:\/\/dietforagreenplanet.se\/fi\/wp-json\/wp\/v2\/pages\/7298\/revisions\/7498"}],"up":[{"embeddable":true,"href":"https:\/\/dietforagreenplanet.se\/fi\/wp-json\/wp\/v2\/pages\/6532"}],"wp:featuredmedia":[{"embeddable":true,"href":"https:\/\/dietforagreenplanet.se\/fi\/wp-json\/wp\/v2\/media\/7466"}],"wp:attachment":[{"href":"https:\/\/dietforagreenplanet.se\/fi\/wp-json\/wp\/v2\/media?parent=7298"}],"wp:term":[{"taxonomy":"sidmall","embeddable":true,"href":"https:\/\/dietforagreenplanet.se\/fi\/wp-json\/wp\/v2\/sidmall?post=7298"}],"curies":[{"name":"wp","href":"https:\/\/api.w.org\/{rel}","templated":true}]}}